{"id":2377,"date":"2025-07-03T16:40:11","date_gmt":"2025-07-03T14:40:11","guid":{"rendered":"https:\/\/lapland-tours.on-studio.ch\/driftande-sportbil\/"},"modified":"2025-09-08T05:18:19","modified_gmt":"2025-09-08T03:18:19","slug":"driftande-sportbil","status":"publish","type":"page","link":"https:\/\/lappland-tour.com\/sv\/driftande-sportbil\/","title":{"rendered":"Driftande sportbil"},"content":{"rendered":"\t\t<div data-elementor-type=\"wp-page\" data-elementor-id=\"2377\" class=\"elementor elementor-2377 elementor-1329\" data-elementor-post-type=\"page\">\n\t\t\t\t\t\t<section class=\"elementor-section elementor-top-section elementor-element elementor-element-a2a5ca6 elementor-section-boxed elementor-section-height-default elementor-section-height-default\" data-id=\"a2a5ca6\" data-element_type=\"section\" data-e-type=\"section\" data-settings=\"{&quot;background_background&quot;:&quot;classic&quot;}\">\n\t\t\t\t\t\t\t<div class=\"elementor-background-overlay\"><\/div>\n\t\t\t\t\t\t\t<div class=\"elementor-container elementor-column-gap-default\">\n\t\t\t\t\t<div class=\"elementor-column elementor-col-100 elementor-top-column elementor-element elementor-element-a171aa3\" data-id=\"a171aa3\" data-element_type=\"column\" data-e-type=\"column\">\n\t\t\t<div class=\"elementor-widget-wrap elementor-element-populated\">\n\t\t\t\t\t\t<div class=\"elementor-element elementor-element-21e45a4 elementor-widget elementor-widget-heading\" data-id=\"21e45a4\" data-element_type=\"widget\" data-e-type=\"widget\" data-widget_type=\"heading.default\">\n\t\t\t\t<div class=\"elementor-widget-container\">\n\t\t\t\t\t<h1 class=\"elementor-heading-title elementor-size-default\">Drivande p\u00e5 isen<\/h1>\t\t\t\t<\/div>\n\t\t\t\t<\/div>\n\t\t\t\t<div class=\"elementor-element elementor-element-eafec17 elementor-invisible elementor-widget elementor-widget-text-editor\" data-id=\"eafec17\" data-element_type=\"widget\" data-e-type=\"widget\" data-settings=\"{&quot;_animation&quot;:&quot;fadeInUp&quot;}\" data-widget_type=\"text-editor.default\">\n\t\t\t\t<div class=\"elementor-widget-container\">\n\t\t\t\t\t\t\t\t\t<p data-pm-slice=\"1 1 [\">Ren adrenalinkick med en Porsche eller Mustang p\u00e5 isen i Lappland!<\/p>\t\t\t\t\t\t\t\t<\/div>\n\t\t\t\t<\/div>\n\t\t\t\t\t<\/div>\n\t\t<\/div>\n\t\t\t\t\t<\/div>\n\t\t<\/section>\n\t\t\t\t<section class=\"elementor-section elementor-top-section elementor-element elementor-element-54fbe08a elementor-section-boxed elementor-section-height-default elementor-section-height-default\" data-id=\"54fbe08a\" data-element_type=\"section\" data-e-type=\"section\" data-settings=\"{&quot;background_background&quot;:&quot;classic&quot;}\">\n\t\t\t\t\t\t\t<div class=\"elementor-background-overlay\"><\/div>\n\t\t\t\t\t\t\t<div class=\"elementor-container elementor-column-gap-default\">\n\t\t\t\t\t<div class=\"elementor-column elementor-col-100 elementor-top-column elementor-element elementor-element-60527758\" data-id=\"60527758\" data-element_type=\"column\" data-e-type=\"column\">\n\t\t\t<div class=\"elementor-widget-wrap elementor-element-populated\">\n\t\t\t\t\t\t<div class=\"elementor-element elementor-element-1508eb3e elementor-widget elementor-widget-heading\" data-id=\"1508eb3e\" data-element_type=\"widget\" data-e-type=\"widget\" data-widget_type=\"heading.default\">\n\t\t\t\t<div class=\"elementor-widget-container\">\n\t\t\t\t\t<h2 class=\"elementor-heading-title elementor-size-default\">Drivande p\u00e5 isen<\/h2>\t\t\t\t<\/div>\n\t\t\t\t<\/div>\n\t\t\t\t<div class=\"elementor-element elementor-element-621e5fbc elementor-widget elementor-widget-heading\" data-id=\"621e5fbc\" data-element_type=\"widget\" data-e-type=\"widget\" data-widget_type=\"heading.default\">\n\t\t\t\t<div class=\"elementor-widget-container\">\n\t\t\t\t\t<h2 class=\"elementor-heading-title elementor-size-default\">Din driftingupplevelse <br> med sportbilen  <\/h2>\t\t\t\t<\/div>\n\t\t\t\t<\/div>\n\t\t\t\t<div class=\"elementor-element elementor-element-e1830a4 elementor-widget elementor-widget-text-editor\" data-id=\"e1830a4\" data-element_type=\"widget\" data-e-type=\"widget\" data-widget_type=\"text-editor.default\">\n\t\t\t\t<div class=\"elementor-widget-container\">\n\t\t\t\t\t\t\t\t\t<p>\u00c4r du redo f\u00f6r en k\u00f6rupplevelse i toppklass som kommer att f\u00e5 ditt hj\u00e4rta att sl\u00e5 snabbare? Vi bjuder in dig att uppleva den ultimata adrenalinkicken: Kontrollerad drifting i en Porsche eller Mustang p\u00e5 isiga banor mitt i Lappland. L\u00e5ngt borta fr\u00e5n tr\u00e5nga racerbanor erbjuder vi dig den perfekta milj\u00f6n i or\u00f6rd natur f\u00f6r att testa dina k\u00f6rkunskaper p\u00e5 isen och uppleva of\u00f6rgl\u00f6mliga \u00f6gonblick p\u00e5 gr\u00e4nsen!  <\/p><p>Du sitter vid ratten i en kraftfull Porsche eller en ikonisk Mustang. Isen p\u00e5 en frusen sj\u00f6 knakar under dig och du l\u00e4r dig att styra fordonet exakt genom kurvorna medan bak\u00e4nden bryter loss p\u00e5 ett kontrollerat s\u00e4tt. Denna exklusiva upplevelse kombinerar ren k\u00f6rgl\u00e4dje med det hisnande vinterlandskapet i Sverige.  <\/p>\t\t\t\t\t\t\t\t<\/div>\n\t\t\t\t<\/div>\n\t\t\t\t<div class=\"elementor-element elementor-element-6278e5a elementor-align-left elementor-tablet-align-center elementor-invisible elementor-widget elementor-widget-button\" data-id=\"6278e5a\" data-element_type=\"widget\" data-e-type=\"widget\" data-settings=\"{&quot;_animation&quot;:&quot;fadeInUp&quot;}\" data-widget_type=\"button.default\">\n\t\t\t\t<div class=\"elementor-widget-container\">\n\t\t\t\t\t\t\t\t\t<div class=\"elementor-button-wrapper\">\n\t\t\t\t\t<a class=\"elementor-button elementor-button-link elementor-size-sm\" href=\"http:\/\/lappland-tour.com\/buchungsanfrage\/\">\n\t\t\t\t\t\t<span class=\"elementor-button-content-wrapper\">\n\t\t\t\t\t\t\t\t\t<span class=\"elementor-button-text\">Driftupplevelse Buchen<\/span>\n\t\t\t\t\t<\/span>\n\t\t\t\t\t<\/a>\n\t\t\t\t<\/div>\n\t\t\t\t\t\t\t\t<\/div>\n\t\t\t\t<\/div>\n\t\t\t\t\t<\/div>\n\t\t<\/div>\n\t\t\t\t\t<\/div>\n\t\t<\/section>\n\t\t\t\t<section class=\"elementor-section elementor-top-section elementor-element elementor-element-44ea678 elementor-section-boxed elementor-section-height-default elementor-section-height-default\" data-id=\"44ea678\" data-element_type=\"section\" data-e-type=\"section\" data-settings=\"{&quot;background_background&quot;:&quot;classic&quot;,&quot;shape_divider_top&quot;:&quot;triangle-asymmetrical&quot;}\">\n\t\t\t\t\t\t\t<div class=\"elementor-background-overlay\"><\/div>\n\t\t\t\t\t\t<div class=\"elementor-shape elementor-shape-top\" aria-hidden=\"true\" data-negative=\"false\">\n\t\t\t<svg xmlns=\"http:\/\/www.w3.org\/2000\/svg\" viewBox=\"0 0 1000 100\" preserveAspectRatio=\"none\">\n\t<path class=\"elementor-shape-fill\" d=\"M738,99l262-93V0H0v5.6L738,99z\"\/>\n<\/svg>\t\t<\/div>\n\t\t\t\t\t<div class=\"elementor-container elementor-column-gap-default\">\n\t\t\t\t\t<div class=\"elementor-column elementor-col-100 elementor-top-column elementor-element elementor-element-8f1f7d6\" data-id=\"8f1f7d6\" data-element_type=\"column\" data-e-type=\"column\">\n\t\t\t<div class=\"elementor-widget-wrap elementor-element-populated\">\n\t\t\t\t\t\t<div class=\"elementor-element elementor-element-c30d3e1 elementor-widget elementor-widget-spacer\" data-id=\"c30d3e1\" data-element_type=\"widget\" data-e-type=\"widget\" data-widget_type=\"spacer.default\">\n\t\t\t\t<div class=\"elementor-widget-container\">\n\t\t\t\t\t\t\t<div class=\"elementor-spacer\">\n\t\t\t<div class=\"elementor-spacer-inner\"><\/div>\n\t\t<\/div>\n\t\t\t\t\t\t<\/div>\n\t\t\t\t<\/div>\n\t\t\t\t<div class=\"elementor-element elementor-element-e7f3035 elementor-invisible elementor-widget elementor-widget-heading\" data-id=\"e7f3035\" data-element_type=\"widget\" data-e-type=\"widget\" data-settings=\"{&quot;_animation&quot;:&quot;fadeInUp&quot;}\" data-widget_type=\"heading.default\">\n\t\t\t\t<div class=\"elementor-widget-container\">\n\t\t\t\t\t<h2 class=\"elementor-heading-title elementor-size-default\">Vad du kan f\u00f6rv\u00e4nta dig av din driftupplevelse<\/h2>\t\t\t\t<\/div>\n\t\t\t\t<\/div>\n\t\t\t\t\t<\/div>\n\t\t<\/div>\n\t\t\t\t\t<\/div>\n\t\t<\/section>\n\t\t\t\t<section class=\"elementor-section elementor-top-section elementor-element elementor-element-50af185 elementor-section-boxed elementor-section-height-default elementor-section-height-default\" data-id=\"50af185\" data-element_type=\"section\" data-e-type=\"section\" data-settings=\"{&quot;background_background&quot;:&quot;classic&quot;}\">\n\t\t\t\t\t\t\t<div class=\"elementor-background-overlay\"><\/div>\n\t\t\t\t\t\t\t<div class=\"elementor-container elementor-column-gap-default\">\n\t\t\t\t\t<div class=\"elementor-column elementor-col-25 elementor-top-column elementor-element elementor-element-520c648\" data-id=\"520c648\" data-element_type=\"column\" data-e-type=\"column\" data-settings=\"{&quot;background_background&quot;:&quot;classic&quot;}\">\n\t\t\t<div class=\"elementor-widget-wrap elementor-element-populated\">\n\t\t\t\t\t<div class=\"elementor-background-overlay\"><\/div>\n\t\t\t\t\t\t<div class=\"elementor-element elementor-element-c7fa498 elementor-widget elementor-widget-heading\" data-id=\"c7fa498\" data-element_type=\"widget\" data-e-type=\"widget\" data-widget_type=\"heading.default\">\n\t\t\t\t<div class=\"elementor-widget-container\">\n\t\t\t\t\t<h5 class=\"elementor-heading-title elementor-size-default\"><b>Premium-Fahrzeuge<\/b><br> Nimm Platz in einem PS-starken Porsche oder einem legend\u00e4ren Mustang, speziell vorbereitet f\u00fcr das Driften im Schnee. Ein einzigartiges Fahrerlebnis.<\/h5>\t\t\t\t<\/div>\n\t\t\t\t<\/div>\n\t\t\t\t\t<\/div>\n\t\t<\/div>\n\t\t\t\t<div class=\"elementor-column elementor-col-25 elementor-top-column elementor-element elementor-element-498b15b\" data-id=\"498b15b\" data-element_type=\"column\" data-e-type=\"column\" data-settings=\"{&quot;background_background&quot;:&quot;classic&quot;}\">\n\t\t\t<div class=\"elementor-widget-wrap elementor-element-populated\">\n\t\t\t\t\t<div class=\"elementor-background-overlay\"><\/div>\n\t\t\t\t\t\t<div class=\"elementor-element elementor-element-7ec1b9e elementor-widget elementor-widget-heading\" data-id=\"7ec1b9e\" data-element_type=\"widget\" data-e-type=\"widget\" data-widget_type=\"heading.default\">\n\t\t\t\t<div class=\"elementor-widget-container\">\n\t\t\t\t\t<h5 class=\"elementor-heading-title elementor-size-default\"><b>Professionelle Anleitung<\/b><br>Unsere erfahrenen Instruktoren geben  eine theoretische Einf\u00fchrung und begleiten dich auf der Strecke. Du lernst die Fahrzeugkontrolle in Extremsituationen.<\/h5>\t\t\t\t<\/div>\n\t\t\t\t<\/div>\n\t\t\t\t\t<\/div>\n\t\t<\/div>\n\t\t\t\t<div class=\"elementor-column elementor-col-25 elementor-top-column elementor-element elementor-element-74dd288\" data-id=\"74dd288\" data-element_type=\"column\" data-e-type=\"column\" data-settings=\"{&quot;background_background&quot;:&quot;classic&quot;}\">\n\t\t\t<div class=\"elementor-widget-wrap elementor-element-populated\">\n\t\t\t\t\t<div class=\"elementor-background-overlay\"><\/div>\n\t\t\t\t\t\t<div class=\"elementor-element elementor-element-d05a51b elementor-widget elementor-widget-heading\" data-id=\"d05a51b\" data-element_type=\"widget\" data-e-type=\"widget\" data-widget_type=\"heading.default\">\n\t\t\t\t<div class=\"elementor-widget-container\">\n\t\t\t\t\t<h5 class=\"elementor-heading-title elementor-size-default\"><b>Exklusive Eisstrecken<\/b><br>Unsere pr\u00e4parierten Eisfl\u00e4chen bieten die idealen Bedingungen f\u00fcr sicheres und effektives Drift-Training. Genie\u00dfe die Weite und Abgeschiedenheit f\u00fcr dein Fahrerlebnis.<\/h5>\t\t\t\t<\/div>\n\t\t\t\t<\/div>\n\t\t\t\t\t<\/div>\n\t\t<\/div>\n\t\t\t\t<div class=\"elementor-column elementor-col-25 elementor-top-column elementor-element elementor-element-cb1faad\" data-id=\"cb1faad\" data-element_type=\"column\" data-e-type=\"column\" data-settings=\"{&quot;background_background&quot;:&quot;classic&quot;}\">\n\t\t\t<div class=\"elementor-widget-wrap elementor-element-populated\">\n\t\t\t\t\t<div class=\"elementor-background-overlay\"><\/div>\n\t\t\t\t\t\t<div class=\"elementor-element elementor-element-9622391 elementor-widget elementor-widget-heading\" data-id=\"9622391\" data-element_type=\"widget\" data-e-type=\"widget\" data-widget_type=\"heading.default\">\n\t\t\t\t<div class=\"elementor-widget-container\">\n\t\t\t\t\t<h5 class=\"elementor-heading-title elementor-size-default\"><b>Adrenalinkick pur<br><\/b>Sp\u00fcre die pure Kontrolle im Rausch der Geschwindigkeit und lerne das Fahrzeug in spektakul\u00e4ren Drifts zu beherrschen. Ein unvergleichliches Gef\u00fchl der Freiheit.<\/h5>\t\t\t\t<\/div>\n\t\t\t\t<\/div>\n\t\t\t\t\t<\/div>\n\t\t<\/div>\n\t\t\t\t\t<\/div>\n\t\t<\/section>\n\t\t<div class=\"elementor-element elementor-element-64cb3cf e-flex e-con-boxed e-con e-parent\" data-id=\"64cb3cf\" data-element_type=\"container\" data-e-type=\"container\" data-settings=\"{&quot;background_background&quot;:&quot;classic&quot;}\">\n\t\t\t\t\t<div class=\"e-con-inner\">\n\t\t\t\t<div class=\"elementor-element elementor-element-56e2c17 elementor-widget elementor-widget-text-editor\" data-id=\"56e2c17\" data-element_type=\"widget\" data-e-type=\"widget\" data-widget_type=\"text-editor.default\">\n\t\t\t\t<div class=\"elementor-widget-container\">\n\t\t\t\t\t\t\t\t\t<p>Oavsett om du \u00e4r en erfaren f\u00f6rare som vill finslipa dina f\u00e4rdigheter p\u00e5 isen eller letar efter den ultimata adrenalinkicken p\u00e5 din Lapplandssemester - den h\u00e4r driftingupplevelsen med Lapland Tour kommer att inspirera dig. En h\u00f6jdpunkt i den svenska vildmarken! <\/p>\t\t\t\t\t\t\t\t<\/div>\n\t\t\t\t<\/div>\n\t\t\t\t<div class=\"elementor-element elementor-element-560ba17 elementor-align-left elementor-tablet-align-center elementor-invisible elementor-widget elementor-widget-button\" data-id=\"560ba17\" data-element_type=\"widget\" data-e-type=\"widget\" data-settings=\"{&quot;_animation&quot;:&quot;fadeInUp&quot;}\" data-widget_type=\"button.default\">\n\t\t\t\t<div class=\"elementor-widget-container\">\n\t\t\t\t\t\t\t\t\t<div class=\"elementor-button-wrapper\">\n\t\t\t\t\t<a class=\"elementor-button elementor-button-link elementor-size-sm\" href=\"http:\/\/lappland-tour.com\/buchungsanfrage\/\">\n\t\t\t\t\t\t<span class=\"elementor-button-content-wrapper\">\n\t\t\t\t\t\t\t\t\t<span class=\"elementor-button-text\">Driftupplevelse Buchen<\/span>\n\t\t\t\t\t<\/span>\n\t\t\t\t\t<\/a>\n\t\t\t\t<\/div>\n\t\t\t\t\t\t\t\t<\/div>\n\t\t\t\t<\/div>\n\t\t\t\t\t<\/div>\n\t\t\t\t<\/div>\n\t\t\t\t<section class=\"elementor-section elementor-top-section elementor-element elementor-element-b8f6096 elementor-section-boxed elementor-section-height-default elementor-section-height-default\" data-id=\"b8f6096\" data-element_type=\"section\" data-e-type=\"section\" data-settings=\"{&quot;background_background&quot;:&quot;classic&quot;}\">\n\t\t\t\t\t\t\t<div class=\"elementor-background-overlay\"><\/div>\n\t\t\t\t\t\t\t<div class=\"elementor-container elementor-column-gap-default\">\n\t\t\t\t\t<div class=\"elementor-column elementor-col-100 elementor-top-column elementor-element elementor-element-60d8b3a7\" data-id=\"60d8b3a7\" data-element_type=\"column\" data-e-type=\"column\">\n\t\t\t<div class=\"elementor-widget-wrap elementor-element-populated\">\n\t\t\t\t\t\t<div class=\"elementor-element elementor-element-2196ace9 elementor-widget elementor-widget-heading\" data-id=\"2196ace9\" data-element_type=\"widget\" data-e-type=\"widget\" data-widget_type=\"heading.default\">\n\t\t\t\t<div class=\"elementor-widget-container\">\n\t\t\t\t\t<h2 class=\"elementor-heading-title elementor-size-default\">Vanliga fr\u00e5gor om drivbildning i sn\u00f6n<\/h2>\t\t\t\t<\/div>\n\t\t\t\t<\/div>\n\t\t\t\t<div class=\"elementor-element elementor-element-d353ff5 elementor-widget elementor-widget-elementskit-accordion\" data-id=\"d353ff5\" data-element_type=\"widget\" data-e-type=\"widget\" data-widget_type=\"elementskit-accordion.default\">\n\t\t\t\t<div class=\"elementor-widget-container\">\n\t\t\t\t\t<div class=\"ekit-wid-con\" >\n        <div class=\"elementskit-accordion accoedion-primary\" id=\"accordion-69e760f69c54a\">\n\n            \n                <div class=\"elementskit-card active\">\n                    <div class=\"elementskit-card-header\" id=\"primaryHeading-0-d353ff5\">\n                        <a href=\"#collapse-ea1150069e760f69c54a\" class=\"ekit-accordion--toggler elementskit-btn-link collapsed\" data-ekit-toggle=\"collapse\" data-target=\"#Collapse-ea1150069e760f69c54a\" aria-expanded=\"true\" aria-controls=\"Collapse-ea1150069e760f69c54a\">\n                            \n                            <span class=\"ekit-accordion-title\">Vilka krav m\u00e5ste jag uppfylla f\u00f6r att f\u00e5 ta del av driftupplevelsen?<\/span>\n\n                            \n                                <div class=\"ekit_accordion_icon_group\">\n                                    <div class=\"ekit_accordion_normal_icon\">\n                                        <!-- Normal Icon -->\n\t\t\t\t\t\t\t\t\t\t<svg class=\"e-font-icon-svg e-fas-caret-down\" viewBox=\"0 0 320 512\" xmlns=\"http:\/\/www.w3.org\/2000\/svg\"><path d=\"M31.3 192h257.3c17.8 0 26.7 21.5 14.1 34.1L174.1 354.8c-7.8 7.8-20.5 7.8-28.3 0L17.2 226.1C4.6 213.5 13.5 192 31.3 192z\"><\/path><\/svg>                                    <\/div>\n\n                                    <div class=\"ekit_accordion_active_icon\">\n                                        <!-- Active Icon -->\n\t\t\t\t\t\t\t\t\t\t<svg class=\"e-font-icon-svg e-fas-caret-up\" viewBox=\"0 0 320 512\" xmlns=\"http:\/\/www.w3.org\/2000\/svg\"><path d=\"M288.662 352H31.338c-17.818 0-26.741-21.543-14.142-34.142l128.662-128.662c7.81-7.81 20.474-7.81 28.284 0l128.662 128.662c12.6 12.599 3.676 34.142-14.142 34.142z\"><\/path><\/svg>                                    <\/div>\n                                <\/div>\n\n                            \n                                                    <\/a>\n                    <\/div>\n\n                    <div id=\"Collapse-ea1150069e760f69c54a\" class=\" show collapse\" aria-labelledby=\"primaryHeading-0-d353ff5\" data-parent=\"#accordion-69e760f69c54a\">\n\n                        <div class=\"elementskit-card-body ekit-accordion--content\">\n                            <p>F\u00f6r att delta i v\u00e5r driftingupplevelse beh\u00f6ver du ett giltigt k\u00f6rkort klass B. Ingen tidigare erfarenhet av drifting kr\u00e4vs, eftersom v\u00e5ra erfarna instrukt\u00f6rer kommer att ge dig omfattande v\u00e4gledning. En god fysisk kondition och viljan att uppleva ett of\u00f6rgl\u00f6mligt adrenalin\u00e4ventyr \u00e4r ocks\u00e5 viktigt. <\/p>\n                        <\/div>\n\n                    <\/div>\n\n                <\/div><!-- .elementskit-card END -->\n\n                \n                <div class=\"elementskit-card \">\n                    <div class=\"elementskit-card-header\" id=\"primaryHeading-1-d353ff5\">\n                        <a href=\"#collapse-f39f2bc69e760f69c54a\" class=\"ekit-accordion--toggler elementskit-btn-link collapsed\" data-ekit-toggle=\"collapse\" data-target=\"#Collapse-f39f2bc69e760f69c54a\" aria-expanded=\"false\" aria-controls=\"Collapse-f39f2bc69e760f69c54a\">\n                            \n                            <span class=\"ekit-accordion-title\">\u00c4r det s\u00e4kert att driva p\u00e5 is?<\/span>\n\n                            \n                                <div class=\"ekit_accordion_icon_group\">\n                                    <div class=\"ekit_accordion_normal_icon\">\n                                        <!-- Normal Icon -->\n\t\t\t\t\t\t\t\t\t\t<svg class=\"e-font-icon-svg e-fas-caret-down\" viewBox=\"0 0 320 512\" xmlns=\"http:\/\/www.w3.org\/2000\/svg\"><path d=\"M31.3 192h257.3c17.8 0 26.7 21.5 14.1 34.1L174.1 354.8c-7.8 7.8-20.5 7.8-28.3 0L17.2 226.1C4.6 213.5 13.5 192 31.3 192z\"><\/path><\/svg>                                    <\/div>\n\n                                    <div class=\"ekit_accordion_active_icon\">\n                                        <!-- Active Icon -->\n\t\t\t\t\t\t\t\t\t\t<svg class=\"e-font-icon-svg e-fas-caret-up\" viewBox=\"0 0 320 512\" xmlns=\"http:\/\/www.w3.org\/2000\/svg\"><path d=\"M288.662 352H31.338c-17.818 0-26.741-21.543-14.142-34.142l128.662-128.662c7.81-7.81 20.474-7.81 28.284 0l128.662 128.662c12.6 12.599 3.676 34.142-14.142 34.142z\"><\/path><\/svg>                                    <\/div>\n                                <\/div>\n\n                            \n                                                    <\/a>\n                    <\/div>\n\n                    <div id=\"Collapse-f39f2bc69e760f69c54a\" class=\" collapse\" aria-labelledby=\"primaryHeading-1-d353ff5\" data-parent=\"#accordion-69e760f69c54a\">\n\n                        <div class=\"elementskit-card-body ekit-accordion--content\">\n                            <p>Din s\u00e4kerhet \u00e4r Lappland Tours h\u00f6gsta prioritet. V\u00e5ra driftingupplevelser \u00e4ger rum p\u00e5 speciellt f\u00f6rberedda och avsp\u00e4rrade isytor. Du kommer att \u00e5tf\u00f6ljas av erfarna, professionella instrukt\u00f6rer som inte bara l\u00e4r dig k\u00f6rtekniken utan ocks\u00e5 alltid har s\u00e4kerheten i \u00e5tanke. Fordonen \u00e4r optimerade och underh\u00e5llna f\u00f6r dessa f\u00f6rh\u00e5llanden. Vi ser till att alla n\u00f6dv\u00e4ndiga s\u00e4kerhets\u00e5tg\u00e4rder vidtas s\u00e5 att du kan njuta av drifting i sn\u00f6n utan n\u00e5gra bekymmer.    <\/p>\n                        <\/div>\n\n                    <\/div>\n\n                <\/div><!-- .elementskit-card END -->\n\n                \n                <div class=\"elementskit-card \">\n                    <div class=\"elementskit-card-header\" id=\"primaryHeading-2-d353ff5\">\n                        <a href=\"#collapse-24c6b7769e760f69c54a\" class=\"ekit-accordion--toggler elementskit-btn-link collapsed\" data-ekit-toggle=\"collapse\" data-target=\"#Collapse-24c6b7769e760f69c54a\" aria-expanded=\"false\" aria-controls=\"Collapse-24c6b7769e760f69c54a\">\n                            \n                            <span class=\"ekit-accordion-title\">Kan jag ta med en f\u00f6ljeslagare eller dela upplevelsen?<\/span>\n\n                            \n                                <div class=\"ekit_accordion_icon_group\">\n                                    <div class=\"ekit_accordion_normal_icon\">\n                                        <!-- Normal Icon -->\n\t\t\t\t\t\t\t\t\t\t<svg class=\"e-font-icon-svg e-fas-caret-down\" viewBox=\"0 0 320 512\" xmlns=\"http:\/\/www.w3.org\/2000\/svg\"><path d=\"M31.3 192h257.3c17.8 0 26.7 21.5 14.1 34.1L174.1 354.8c-7.8 7.8-20.5 7.8-28.3 0L17.2 226.1C4.6 213.5 13.5 192 31.3 192z\"><\/path><\/svg>                                    <\/div>\n\n                                    <div class=\"ekit_accordion_active_icon\">\n                                        <!-- Active Icon -->\n\t\t\t\t\t\t\t\t\t\t<svg class=\"e-font-icon-svg e-fas-caret-up\" viewBox=\"0 0 320 512\" xmlns=\"http:\/\/www.w3.org\/2000\/svg\"><path d=\"M288.662 352H31.338c-17.818 0-26.741-21.543-14.142-34.142l128.662-128.662c7.81-7.81 20.474-7.81 28.284 0l128.662 128.662c12.6 12.599 3.676 34.142-14.142 34.142z\"><\/path><\/svg>                                    <\/div>\n                                <\/div>\n\n                            \n                                                    <\/a>\n                    <\/div>\n\n                    <div id=\"Collapse-24c6b7769e760f69c54a\" class=\" collapse\" aria-labelledby=\"primaryHeading-2-d353ff5\" data-parent=\"#accordion-69e760f69c54a\">\n\n                        <div class=\"elementskit-card-body ekit-accordion--content\">\n                            <p>M\u00f6jligheten att ta med en medf\u00f6ljande person eller dela fordonet beror p\u00e5 det bokade paketet. Som regel ligger fokus p\u00e5 en intensiv individuell upplevelse d\u00e4r du sj\u00e4lv sitter bakom ratten och direkt kan genomf\u00f6ra instrukt\u00f6rens instruktioner. Om du vill dela upplevelsen eller ta med en medf\u00f6ljande person, v\u00e4nligen kontakta oss i f\u00f6rv\u00e4g. Vi unders\u00f6ker g\u00e4rna vilka m\u00f6jligheter som finns f\u00f6r att p\u00e5 b\u00e4sta s\u00e4tt uppfylla dina \u00f6nskem\u00e5l.   <\/p>\n                        <\/div>\n\n                    <\/div>\n\n                <\/div><!-- .elementskit-card END -->\n\n                                        <\/div>\n    <\/div>\t\t\t\t<\/div>\n\t\t\t\t<\/div>\n\t\t\t\t\t<\/div>\n\t\t<\/div>\n\t\t\t\t\t<\/div>\n\t\t<\/section>\n\t\t\t\t<\/div>\n\t\t","protected":false},"excerpt":{"rendered":"<p>Drivande p\u00e5 isen Ren adrenalinkick med en Porsche eller Mustang p\u00e5 isen i Lappland! Drivande p\u00e5 isen Din driftingupplevelse med sportbilen \u00c4r du redo f\u00f6r en k\u00f6rupplevelse i toppklass som kommer att f\u00e5 ditt hj\u00e4rta att sl\u00e5 snabbare? Vi bjuder in dig att uppleva den ultimata adrenalinkicken: Kontrollerad drifting i en Porsche eller Mustang p\u00e5 [&hellip;]<\/p>\n","protected":false},"author":1,"featured_media":0,"parent":0,"menu_order":0,"comment_status":"closed","ping_status":"closed","template":"","meta":{"footnotes":""},"class_list":["post-2377","page","type-page","status-publish","hentry"],"_links":{"self":[{"href":"https:\/\/lappland-tour.com\/sv\/wp-json\/wp\/v2\/pages\/2377","targetHints":{"allow":["GET"]}}],"collection":[{"href":"https:\/\/lappland-tour.com\/sv\/wp-json\/wp\/v2\/pages"}],"about":[{"href":"https:\/\/lappland-tour.com\/sv\/wp-json\/wp\/v2\/types\/page"}],"author":[{"embeddable":true,"href":"https:\/\/lappland-tour.com\/sv\/wp-json\/wp\/v2\/users\/1"}],"replies":[{"embeddable":true,"href":"https:\/\/lappland-tour.com\/sv\/wp-json\/wp\/v2\/comments?post=2377"}],"version-history":[{"count":9,"href":"https:\/\/lappland-tour.com\/sv\/wp-json\/wp\/v2\/pages\/2377\/revisions"}],"predecessor-version":[{"id":3291,"href":"https:\/\/lappland-tour.com\/sv\/wp-json\/wp\/v2\/pages\/2377\/revisions\/3291"}],"wp:attachment":[{"href":"https:\/\/lappland-tour.com\/sv\/wp-json\/wp\/v2\/media?parent=2377"}],"curies":[{"name":"wp","href":"https:\/\/api.w.org\/{rel}","templated":true}]}}