{"id":2410,"date":"2025-07-03T18:46:35","date_gmt":"2025-07-03T16:46:35","guid":{"rendered":"https:\/\/lapland-tours.on-studio.ch\/isfiske-och-issimning\/"},"modified":"2025-08-04T23:21:01","modified_gmt":"2025-08-04T21:21:01","slug":"isfiske-och-issimning","status":"publish","type":"page","link":"https:\/\/lappland-tour.com\/sv\/isfiske-och-issimning\/","title":{"rendered":"Isfiske och issimning"},"content":{"rendered":"\t\t<div data-elementor-type=\"wp-page\" data-elementor-id=\"2410\" class=\"elementor elementor-2410 elementor-1339\" data-elementor-post-type=\"page\">\n\t\t\t\t\t\t<section class=\"elementor-section elementor-top-section elementor-element elementor-element-a2a5ca6 elementor-section-boxed elementor-section-height-default elementor-section-height-default\" data-id=\"a2a5ca6\" data-element_type=\"section\" data-e-type=\"section\" data-settings=\"{&quot;background_background&quot;:&quot;classic&quot;}\">\n\t\t\t\t\t\t\t<div class=\"elementor-background-overlay\"><\/div>\n\t\t\t\t\t\t\t<div class=\"elementor-container elementor-column-gap-default\">\n\t\t\t\t\t<div class=\"elementor-column elementor-col-100 elementor-top-column elementor-element elementor-element-a171aa3\" data-id=\"a171aa3\" data-element_type=\"column\" data-e-type=\"column\">\n\t\t\t<div class=\"elementor-widget-wrap elementor-element-populated\">\n\t\t\t\t\t\t<div class=\"elementor-element elementor-element-21e45a4 elementor-widget elementor-widget-heading\" data-id=\"21e45a4\" data-element_type=\"widget\" data-e-type=\"widget\" data-widget_type=\"heading.default\">\n\t\t\t\t<div class=\"elementor-widget-container\">\n\t\t\t\t\t<h1 class=\"elementor-heading-title elementor-size-default\">Isfiske och issimning<\/h1>\t\t\t\t<\/div>\n\t\t\t\t<\/div>\n\t\t\t\t<div class=\"elementor-element elementor-element-eafec17 elementor-invisible elementor-widget elementor-widget-text-editor\" data-id=\"eafec17\" data-element_type=\"widget\" data-e-type=\"widget\" data-settings=\"{&quot;_animation&quot;:&quot;fadeInUp&quot;}\" data-widget_type=\"text-editor.default\">\n\t\t\t\t<div class=\"elementor-widget-container\">\n\t\t\t\t\t\t\t\t\t<p data-pm-slice=\"1 1 [\"ordered_list\",{\"spread\":true,\"startingNumber\":1,\"start\":0,\"end\":1335},\"regular_list_item\",{\"start\":0,\"end\":164},\"list\",{\"spread\":false,\"start\":42,\"end\":164},\"regular_list_item\",{\"start\":79,\"end\":164}]\">En uppfriskande kick f\u00f6r kropp och sj\u00e4l i vinterlandskapet.<\/p>\t\t\t\t\t\t\t\t<\/div>\n\t\t\t\t<\/div>\n\t\t\t\t\t<\/div>\n\t\t<\/div>\n\t\t\t\t\t<\/div>\n\t\t<\/section>\n\t\t\t\t<section class=\"elementor-section elementor-top-section elementor-element elementor-element-54fbe08a elementor-section-boxed elementor-section-height-default elementor-section-height-default\" data-id=\"54fbe08a\" data-element_type=\"section\" data-e-type=\"section\" data-settings=\"{&quot;background_background&quot;:&quot;classic&quot;}\">\n\t\t\t\t\t\t\t<div class=\"elementor-background-overlay\"><\/div>\n\t\t\t\t\t\t\t<div class=\"elementor-container elementor-column-gap-default\">\n\t\t\t\t\t<div class=\"elementor-column elementor-col-100 elementor-top-column elementor-element elementor-element-60527758\" data-id=\"60527758\" data-element_type=\"column\" data-e-type=\"column\">\n\t\t\t<div class=\"elementor-widget-wrap elementor-element-populated\">\n\t\t\t\t\t\t<div class=\"elementor-element elementor-element-1508eb3e elementor-widget elementor-widget-heading\" data-id=\"1508eb3e\" data-element_type=\"widget\" data-e-type=\"widget\" data-widget_type=\"heading.default\">\n\t\t\t\t<div class=\"elementor-widget-container\">\n\t\t\t\t\t<h2 class=\"elementor-heading-title elementor-size-default\">Upplev en v\u00e4rld av is<\/h2>\t\t\t\t<\/div>\n\t\t\t\t<\/div>\n\t\t\t\t<div class=\"elementor-element elementor-element-621e5fbc elementor-widget elementor-widget-heading\" data-id=\"621e5fbc\" data-element_type=\"widget\" data-e-type=\"widget\" data-widget_type=\"heading.default\">\n\t\t\t\t<div class=\"elementor-widget-container\">\n\t\t\t\t\t<h2 class=\"elementor-heading-title elementor-size-default\">Isfiske &amp; isbad - <br>Rena naturupplevelser<\/h2>\t\t\t\t<\/div>\n\t\t\t\t<\/div>\n\t\t\t\t<div class=\"elementor-element elementor-element-e1830a4 elementor-widget elementor-widget-text-editor\" data-id=\"e1830a4\" data-element_type=\"widget\" data-e-type=\"widget\" data-widget_type=\"text-editor.default\">\n\t\t\t\t<div class=\"elementor-widget-container\">\n\t\t\t\t\t\t\t\t\t<p>F\u00f6rdjupa dig i tv\u00e5 av de mest or\u00f6rda och st\u00e4rkande vinterupplevelserna i Lappland: meditativt isfiske och uppfriskande isbad. P\u00e5 Lapland Tour bjuder vi in dig att uppleva det otroliga lugnet i den arktiska naturen och den rena sp\u00e4nningen i kylan. Din vistelse i Lappland kommer att bli en of\u00f6rgl\u00f6mlig upplevelse f\u00f6r kropp och sj\u00e4l.  <\/p><p>Isfiske \u00e4r tystnadens konst.<br>Du sitter p\u00e5 en varm renf\u00e4ll, omgiven av ett or\u00f6rt sn\u00f6landskap, medan tystnaden i Lappland omsluter dig. Isfiske i Lappland handlar inte bara om f\u00e5ngsten, utan om upplevelsen av absolut lugn och ro. Vi visar dig de b\u00e4sta fiskeplatserna p\u00e5 de frusna sj\u00f6arna runt Ullbergstr\u00e4sk.  <\/p><p>Isbad som en uppfriskande kick f\u00f6r kropp och sj\u00e4l.<br>Redo f\u00f6r en iskall utmaning? Isbad i Lappland \u00e4r en otrolig upplevelse som sk\u00e4rper dina sinnen och ger dig en k\u00e4nsla av ren vitalitet. En speciell typ av wellnessupplevelse och en tradition i Lappland.  <\/p>\t\t\t\t\t\t\t\t<\/div>\n\t\t\t\t<\/div>\n\t\t\t\t<div class=\"elementor-element elementor-element-6278e5a elementor-align-left elementor-tablet-align-center elementor-invisible elementor-widget elementor-widget-button\" data-id=\"6278e5a\" data-element_type=\"widget\" data-e-type=\"widget\" data-settings=\"{&quot;_animation&quot;:&quot;fadeInUp&quot;}\" data-widget_type=\"button.default\">\n\t\t\t\t<div class=\"elementor-widget-container\">\n\t\t\t\t\t\t\t\t\t<div class=\"elementor-button-wrapper\">\n\t\t\t\t\t<a class=\"elementor-button elementor-button-link elementor-size-sm\" href=\"http:\/\/lappland-tour.com\/buchungsanfrage\/\">\n\t\t\t\t\t\t<span class=\"elementor-button-content-wrapper\">\n\t\t\t\t\t\t\t\t\t<span class=\"elementor-button-text\">Ice Worlds Buchen<\/span>\n\t\t\t\t\t<\/span>\n\t\t\t\t\t<\/a>\n\t\t\t\t<\/div>\n\t\t\t\t\t\t\t\t<\/div>\n\t\t\t\t<\/div>\n\t\t\t\t\t<\/div>\n\t\t<\/div>\n\t\t\t\t\t<\/div>\n\t\t<\/section>\n\t\t\t\t<section class=\"elementor-section elementor-top-section elementor-element elementor-element-44ea678 elementor-section-boxed elementor-section-height-default elementor-section-height-default\" data-id=\"44ea678\" data-element_type=\"section\" data-e-type=\"section\" data-settings=\"{&quot;background_background&quot;:&quot;classic&quot;,&quot;shape_divider_top&quot;:&quot;triangle-asymmetrical&quot;}\">\n\t\t\t\t\t\t\t<div class=\"elementor-background-overlay\"><\/div>\n\t\t\t\t\t\t<div class=\"elementor-shape elementor-shape-top\" aria-hidden=\"true\" data-negative=\"false\">\n\t\t\t<svg xmlns=\"http:\/\/www.w3.org\/2000\/svg\" viewBox=\"0 0 1000 100\" preserveAspectRatio=\"none\">\n\t<path class=\"elementor-shape-fill\" d=\"M738,99l262-93V0H0v5.6L738,99z\"\/>\n<\/svg>\t\t<\/div>\n\t\t\t\t\t<div class=\"elementor-container elementor-column-gap-default\">\n\t\t\t\t\t<div class=\"elementor-column elementor-col-100 elementor-top-column elementor-element elementor-element-8f1f7d6\" data-id=\"8f1f7d6\" data-element_type=\"column\" data-e-type=\"column\">\n\t\t\t<div class=\"elementor-widget-wrap elementor-element-populated\">\n\t\t\t\t\t\t<div class=\"elementor-element elementor-element-c30d3e1 elementor-widget elementor-widget-spacer\" data-id=\"c30d3e1\" data-element_type=\"widget\" data-e-type=\"widget\" data-widget_type=\"spacer.default\">\n\t\t\t\t<div class=\"elementor-widget-container\">\n\t\t\t\t\t\t\t<div class=\"elementor-spacer\">\n\t\t\t<div class=\"elementor-spacer-inner\"><\/div>\n\t\t<\/div>\n\t\t\t\t\t\t<\/div>\n\t\t\t\t<\/div>\n\t\t\t\t<div class=\"elementor-element elementor-element-e7f3035 elementor-widget elementor-widget-heading\" data-id=\"e7f3035\" data-element_type=\"widget\" data-e-type=\"widget\" data-widget_type=\"heading.default\">\n\t\t\t\t<div class=\"elementor-widget-container\">\n\t\t\t\t\t<h2 class=\"elementor-heading-title elementor-size-default\">Vad du kan f\u00f6rv\u00e4nta dig av isfiske och issimning:  <\/h2>\t\t\t\t<\/div>\n\t\t\t\t<\/div>\n\t\t\t\t\t<\/div>\n\t\t<\/div>\n\t\t\t\t\t<\/div>\n\t\t<\/section>\n\t\t\t\t<section class=\"elementor-section elementor-top-section elementor-element elementor-element-6831ba36 elementor-section-boxed elementor-section-height-default elementor-section-height-default\" data-id=\"6831ba36\" data-element_type=\"section\" data-e-type=\"section\" data-settings=\"{&quot;background_background&quot;:&quot;classic&quot;}\">\n\t\t\t\t\t\t\t<div class=\"elementor-background-overlay\"><\/div>\n\t\t\t\t\t\t\t<div class=\"elementor-container elementor-column-gap-default\">\n\t\t\t\t\t<div class=\"elementor-column elementor-col-25 elementor-top-column elementor-element elementor-element-4205ffd2\" data-id=\"4205ffd2\" data-element_type=\"column\" data-e-type=\"column\" data-settings=\"{&quot;background_background&quot;:&quot;classic&quot;}\">\n\t\t\t<div class=\"elementor-widget-wrap elementor-element-populated\">\n\t\t\t\t\t<div class=\"elementor-background-overlay\"><\/div>\n\t\t\t\t\t\t<div class=\"elementor-element elementor-element-58c8797d elementor-widget elementor-widget-heading\" data-id=\"58c8797d\" data-element_type=\"widget\" data-e-type=\"widget\" data-widget_type=\"heading.default\">\n\t\t\t\t<div class=\"elementor-widget-container\">\n\t\t\t\t\t<h5 class=\"elementor-heading-title elementor-size-default\"><b>Meditation p\u00e5 isen<\/b><br> Framf\u00f6r ditt ish\u00e5l <b>med<\/b> fiskelinan i vattnet - det \u00e4r en upplevelse som l\u00e4r dig t\u00e5lamod och bel\u00f6nar dig med en k\u00e4nsla av djup samh\u00f6righet med naturen, och med lite tur drar du upp en fisk ur isen - ett stolt \u00f6gonblick, men inte det viktigaste med den h\u00e4r upplevelsen<\/h5>\t\t\t\t<\/div>\n\t\t\t\t<\/div>\n\t\t\t\t\t<\/div>\n\t\t<\/div>\n\t\t\t\t<div class=\"elementor-column elementor-col-25 elementor-top-column elementor-element elementor-element-baf3a6c\" data-id=\"baf3a6c\" data-element_type=\"column\" data-e-type=\"column\" data-settings=\"{&quot;background_background&quot;:&quot;classic&quot;}\">\n\t\t\t<div class=\"elementor-widget-wrap elementor-element-populated\">\n\t\t\t\t\t<div class=\"elementor-background-overlay\"><\/div>\n\t\t\t\t\t\t<div class=\"elementor-element elementor-element-2a8397f2 elementor-widget elementor-widget-heading\" data-id=\"2a8397f2\" data-element_type=\"widget\" data-e-type=\"widget\" data-widget_type=\"heading.default\">\n\t\t\t\t<div class=\"elementor-widget-container\">\n\t\t\t\t\t<h5 class=\"elementor-heading-title elementor-size-default\"><b>V\u00e5rt kompletta paket<\/b><br>Vi f\u00f6rser dig med all n\u00f6dv\u00e4ndig utrustning, fr\u00e5n isborrar till specialfiskesp\u00f6n och bete. Allt du beh\u00f6ver ta med dig \u00e4r varma kl\u00e4der (som du kan l\u00e5na vid behov) och ett gott hum\u00f6r. <\/h5>\t\t\t\t<\/div>\n\t\t\t\t<\/div>\n\t\t\t\t\t<\/div>\n\t\t<\/div>\n\t\t\t\t<div class=\"elementor-column elementor-col-25 elementor-top-column elementor-element elementor-element-24353b65\" data-id=\"24353b65\" data-element_type=\"column\" data-e-type=\"column\" data-settings=\"{&quot;background_background&quot;:&quot;classic&quot;}\">\n\t\t\t<div class=\"elementor-widget-wrap elementor-element-populated\">\n\t\t\t\t\t<div class=\"elementor-background-overlay\"><\/div>\n\t\t\t\t\t\t<div class=\"elementor-element elementor-element-4808b0f3 elementor-widget elementor-widget-heading\" data-id=\"4808b0f3\" data-element_type=\"widget\" data-e-type=\"widget\" data-widget_type=\"heading.default\">\n\t\t\t\t<div class=\"elementor-widget-container\">\n\t\t\t\t\t<h5 class=\"elementor-heading-title elementor-size-default\"><b>Ett rus f\u00f6r sinnena<\/b><br> Ett dopp i det iskalla vattnet f\u00e5r hj\u00e4rtat att sl\u00e5 snabbare och ger en otrolig energikick. Vi avslutar ofta v\u00e5rt isbad med ett bes\u00f6k i den traditionella tr\u00e4bastun. Den perfekta kontrasten till det uppfriskande badet.  <\/h5>\t\t\t\t<\/div>\n\t\t\t\t<\/div>\n\t\t\t\t\t<\/div>\n\t\t<\/div>\n\t\t\t\t<div class=\"elementor-column elementor-col-25 elementor-top-column elementor-element elementor-element-434be6fc\" data-id=\"434be6fc\" data-element_type=\"column\" data-e-type=\"column\" data-settings=\"{&quot;background_background&quot;:&quot;classic&quot;}\">\n\t\t\t<div class=\"elementor-widget-wrap elementor-element-populated\">\n\t\t\t\t\t<div class=\"elementor-background-overlay\"><\/div>\n\t\t\t\t\t\t<div class=\"elementor-element elementor-element-5eaeb2a8 elementor-widget elementor-widget-heading\" data-id=\"5eaeb2a8\" data-element_type=\"widget\" data-e-type=\"widget\" data-widget_type=\"heading.default\">\n\t\t\t\t<div class=\"elementor-widget-container\">\n\t\t\t\t\t<h5 class=\"elementor-heading-title elementor-size-default\"><b>S\u00e4kert och guidat <br><\/b>Under noggrann ledning av v\u00e5ra professionella guider kan du ta steget ner i det iskalla vattnet i den frusna sj\u00f6n precis utanf\u00f6r d\u00f6rren. Din s\u00e4kerhet \u00e4r v\u00e5r h\u00f6gsta prioritet. <\/h5>\t\t\t\t<\/div>\n\t\t\t\t<\/div>\n\t\t\t\t\t<\/div>\n\t\t<\/div>\n\t\t\t\t\t<\/div>\n\t\t<\/section>\n\t\t<div class=\"elementor-element elementor-element-64cb3cf e-flex e-con-boxed e-con e-parent\" data-id=\"64cb3cf\" data-element_type=\"container\" data-e-type=\"container\" data-settings=\"{&quot;background_background&quot;:&quot;classic&quot;}\">\n\t\t\t\t\t<div class=\"e-con-inner\">\n\t\t\t\t<div class=\"elementor-element elementor-element-56e2c17 elementor-widget elementor-widget-text-editor\" data-id=\"56e2c17\" data-element_type=\"widget\" data-e-type=\"widget\" data-widget_type=\"text-editor.default\">\n\t\t\t\t<div class=\"elementor-widget-container\">\n\t\t\t\t\t\t\t\t\t<p>Kombinera dessa unika vinterupplevelser i Lappland f\u00f6r att g\u00f6ra din semester till ett \u00e4ventyr fullt av kontraster - fr\u00e5n den djupa tystnaden vid fiske till den elektrifierande sp\u00e4nningen vid isbad.<\/p>\t\t\t\t\t\t\t\t<\/div>\n\t\t\t\t<\/div>\n\t\t\t\t<div class=\"elementor-element elementor-element-560ba17 elementor-align-left elementor-tablet-align-center elementor-invisible elementor-widget elementor-widget-button\" data-id=\"560ba17\" data-element_type=\"widget\" data-e-type=\"widget\" data-settings=\"{&quot;_animation&quot;:&quot;fadeInUp&quot;}\" data-widget_type=\"button.default\">\n\t\t\t\t<div class=\"elementor-widget-container\">\n\t\t\t\t\t\t\t\t\t<div class=\"elementor-button-wrapper\">\n\t\t\t\t\t<a class=\"elementor-button elementor-button-link elementor-size-sm\" href=\"http:\/\/lappland-tour.com\/buchungsanfrage\/\">\n\t\t\t\t\t\t<span class=\"elementor-button-content-wrapper\">\n\t\t\t\t\t\t\t\t\t<span class=\"elementor-button-text\">Erfarenheter av isbokning<\/span>\n\t\t\t\t\t<\/span>\n\t\t\t\t\t<\/a>\n\t\t\t\t<\/div>\n\t\t\t\t\t\t\t\t<\/div>\n\t\t\t\t<\/div>\n\t\t\t\t\t<\/div>\n\t\t\t\t<\/div>\n\t\t\t\t<section class=\"elementor-section elementor-top-section elementor-element elementor-element-b8f6096 elementor-section-boxed elementor-section-height-default elementor-section-height-default\" data-id=\"b8f6096\" data-element_type=\"section\" data-e-type=\"section\" data-settings=\"{&quot;background_background&quot;:&quot;classic&quot;}\">\n\t\t\t\t\t\t\t<div class=\"elementor-background-overlay\"><\/div>\n\t\t\t\t\t\t\t<div class=\"elementor-container elementor-column-gap-default\">\n\t\t\t\t\t<div class=\"elementor-column elementor-col-100 elementor-top-column elementor-element elementor-element-60d8b3a7\" data-id=\"60d8b3a7\" data-element_type=\"column\" data-e-type=\"column\">\n\t\t\t<div class=\"elementor-widget-wrap elementor-element-populated\">\n\t\t\t\t\t\t<div class=\"elementor-element elementor-element-2196ace9 elementor-widget elementor-widget-heading\" data-id=\"2196ace9\" data-element_type=\"widget\" data-e-type=\"widget\" data-widget_type=\"heading.default\">\n\t\t\t\t<div class=\"elementor-widget-container\">\n\t\t\t\t\t<h2 class=\"elementor-heading-title elementor-size-default\">Vanliga fr\u00e5gor om isfiske &amp; issimning<\/h2>\t\t\t\t<\/div>\n\t\t\t\t<\/div>\n\t\t\t\t<div class=\"elementor-element elementor-element-d353ff5 elementor-widget elementor-widget-elementskit-accordion\" data-id=\"d353ff5\" data-element_type=\"widget\" data-e-type=\"widget\" data-widget_type=\"elementskit-accordion.default\">\n\t\t\t\t<div class=\"elementor-widget-container\">\n\t\t\t\t\t<div class=\"ekit-wid-con\" >\n        <div class=\"elementskit-accordion accoedion-primary\" id=\"accordion-69e6292d94e00\">\n\n            \n                <div class=\"elementskit-card active\">\n                    <div class=\"elementskit-card-header\" id=\"primaryHeading-0-d353ff5\">\n                        <a href=\"#collapse-ea1150069e6292d94e00\" class=\"ekit-accordion--toggler elementskit-btn-link collapsed\" data-ekit-toggle=\"collapse\" data-target=\"#Collapse-ea1150069e6292d94e00\" aria-expanded=\"true\" aria-controls=\"Collapse-ea1150069e6292d94e00\">\n                            \n                            <span class=\"ekit-accordion-title\">M\u00e5ste jag ha n\u00e5gon s\u00e4rskild erfarenhet av sportfiske?<\/span>\n\n                            \n                                <div class=\"ekit_accordion_icon_group\">\n                                    <div class=\"ekit_accordion_normal_icon\">\n                                        <!-- Normal Icon -->\n\t\t\t\t\t\t\t\t\t\t<svg class=\"e-font-icon-svg e-fas-caret-down\" viewBox=\"0 0 320 512\" xmlns=\"http:\/\/www.w3.org\/2000\/svg\"><path d=\"M31.3 192h257.3c17.8 0 26.7 21.5 14.1 34.1L174.1 354.8c-7.8 7.8-20.5 7.8-28.3 0L17.2 226.1C4.6 213.5 13.5 192 31.3 192z\"><\/path><\/svg>                                    <\/div>\n\n                                    <div class=\"ekit_accordion_active_icon\">\n                                        <!-- Active Icon -->\n\t\t\t\t\t\t\t\t\t\t<svg class=\"e-font-icon-svg e-fas-caret-up\" viewBox=\"0 0 320 512\" xmlns=\"http:\/\/www.w3.org\/2000\/svg\"><path d=\"M288.662 352H31.338c-17.818 0-26.741-21.543-14.142-34.142l128.662-128.662c7.81-7.81 20.474-7.81 28.284 0l128.662 128.662c12.6 12.599 3.676 34.142-14.142 34.142z\"><\/path><\/svg>                                    <\/div>\n                                <\/div>\n\n                            \n                                                    <\/a>\n                    <\/div>\n\n                    <div id=\"Collapse-ea1150069e6292d94e00\" class=\" show collapse\" aria-labelledby=\"primaryHeading-0-d353ff5\" data-parent=\"#accordion-69e6292d94e00\">\n\n                        <div class=\"elementskit-card-body ekit-accordion--content\">\n                            <p>Nej, ingen tidigare fiskeerfarenhet \u00e4r n\u00f6dv\u00e4ndig f\u00f6r isfiske. V\u00e5ra erfarna guider visar dig allt du beh\u00f6ver veta, fr\u00e5n att borra ish\u00e5let till r\u00e4tt s\u00e4tt att hantera fiskesp\u00f6et. Allt handlar om den meditativa upplevelsen i naturens tystnad.  <\/p>\n                        <\/div>\n\n                    <\/div>\n\n                <\/div><!-- .elementskit-card END -->\n\n                \n                <div class=\"elementskit-card \">\n                    <div class=\"elementskit-card-header\" id=\"primaryHeading-1-d353ff5\">\n                        <a href=\"#collapse-f39f2bc69e6292d94e00\" class=\"ekit-accordion--toggler elementskit-btn-link collapsed\" data-ekit-toggle=\"collapse\" data-target=\"#Collapse-f39f2bc69e6292d94e00\" aria-expanded=\"false\" aria-controls=\"Collapse-f39f2bc69e6292d94e00\">\n                            \n                            <span class=\"ekit-accordion-title\">Hur kallt \u00e4r vattnet n\u00e4r du isbadar och hur l\u00e4nge stannar du normalt i isvattnet?<\/span>\n\n                            \n                                <div class=\"ekit_accordion_icon_group\">\n                                    <div class=\"ekit_accordion_normal_icon\">\n                                        <!-- Normal Icon -->\n\t\t\t\t\t\t\t\t\t\t<svg class=\"e-font-icon-svg e-fas-caret-down\" viewBox=\"0 0 320 512\" xmlns=\"http:\/\/www.w3.org\/2000\/svg\"><path d=\"M31.3 192h257.3c17.8 0 26.7 21.5 14.1 34.1L174.1 354.8c-7.8 7.8-20.5 7.8-28.3 0L17.2 226.1C4.6 213.5 13.5 192 31.3 192z\"><\/path><\/svg>                                    <\/div>\n\n                                    <div class=\"ekit_accordion_active_icon\">\n                                        <!-- Active Icon -->\n\t\t\t\t\t\t\t\t\t\t<svg class=\"e-font-icon-svg e-fas-caret-up\" viewBox=\"0 0 320 512\" xmlns=\"http:\/\/www.w3.org\/2000\/svg\"><path d=\"M288.662 352H31.338c-17.818 0-26.741-21.543-14.142-34.142l128.662-128.662c7.81-7.81 20.474-7.81 28.284 0l128.662 128.662c12.6 12.599 3.676 34.142-14.142 34.142z\"><\/path><\/svg>                                    <\/div>\n                                <\/div>\n\n                            \n                                                    <\/a>\n                    <\/div>\n\n                    <div id=\"Collapse-f39f2bc69e6292d94e00\" class=\" collapse\" aria-labelledby=\"primaryHeading-1-d353ff5\" data-parent=\"#accordion-69e6292d94e00\">\n\n                        <div class=\"elementskit-card-body ekit-accordion--content\">\n                            <p>Vattnet som anv\u00e4nds f\u00f6r isbad \u00e4r faktiskt mycket kallt, vanligtvis strax \u00f6ver fryspunkten p\u00e5 0 till 4 grader Celsius. Tiden i isvattnet h\u00e5lls medvetet mycket kort, vanligtvis bara n\u00e5gra sekunder till maximalt en eller tv\u00e5 minuter, beroende p\u00e5 hur du k\u00e4nner dig och instruktionerna fr\u00e5n v\u00e5ra guider. M\u00e5let \u00e4r att uppleva den uppfriskande chocken och att k\u00e4nna den efterf\u00f6ljande v\u00e4rmen intensivt, inte att uth\u00e4rda i det kalla vattnet.  <\/p>\n                        <\/div>\n\n                    <\/div>\n\n                <\/div><!-- .elementskit-card END -->\n\n                                        <\/div>\n    <\/div>\t\t\t\t<\/div>\n\t\t\t\t<\/div>\n\t\t\t\t\t<\/div>\n\t\t<\/div>\n\t\t\t\t\t<\/div>\n\t\t<\/section>\n\t\t\t\t<\/div>\n\t\t","protected":false},"excerpt":{"rendered":"<p>Isfiske och issimning En uppfriskande kick f\u00f6r kropp och sj\u00e4l i vinterlandskapet. Upplev en v\u00e4rld av is Isfiske &amp; isbad - Rena naturupplevelser F\u00f6rdjupa dig i tv\u00e5 av de mest or\u00f6rda och st\u00e4rkande vinterupplevelserna i Lappland: meditativt isfiske och uppfriskande isbad. P\u00e5 Lapland Tour bjuder vi in dig att uppleva det otroliga lugnet i den [&hellip;]<\/p>\n","protected":false},"author":1,"featured_media":0,"parent":0,"menu_order":0,"comment_status":"closed","ping_status":"closed","template":"","meta":{"footnotes":""},"class_list":["post-2410","page","type-page","status-publish","hentry"],"_links":{"self":[{"href":"https:\/\/lappland-tour.com\/sv\/wp-json\/wp\/v2\/pages\/2410","targetHints":{"allow":["GET"]}}],"collection":[{"href":"https:\/\/lappland-tour.com\/sv\/wp-json\/wp\/v2\/pages"}],"about":[{"href":"https:\/\/lappland-tour.com\/sv\/wp-json\/wp\/v2\/types\/page"}],"author":[{"embeddable":true,"href":"https:\/\/lappland-tour.com\/sv\/wp-json\/wp\/v2\/users\/1"}],"replies":[{"embeddable":true,"href":"https:\/\/lappland-tour.com\/sv\/wp-json\/wp\/v2\/comments?post=2410"}],"version-history":[{"count":5,"href":"https:\/\/lappland-tour.com\/sv\/wp-json\/wp\/v2\/pages\/2410\/revisions"}],"predecessor-version":[{"id":2952,"href":"https:\/\/lappland-tour.com\/sv\/wp-json\/wp\/v2\/pages\/2410\/revisions\/2952"}],"wp:attachment":[{"href":"https:\/\/lappland-tour.com\/sv\/wp-json\/wp\/v2\/media?parent=2410"}],"curies":[{"name":"wp","href":"https:\/\/api.w.org\/{rel}","templated":true}]}}