{"id":2822,"date":"2025-08-04T21:29:25","date_gmt":"2025-08-04T19:29:25","guid":{"rendered":"https:\/\/lapland-tours.on-studio.ch\/avtryck\/"},"modified":"2025-08-04T21:31:08","modified_gmt":"2025-08-04T19:31:08","slug":"avtryck","status":"publish","type":"page","link":"https:\/\/lappland-tour.com\/sv\/avtryck\/","title":{"rendered":"Avtryck"},"content":{"rendered":"\t\t<div data-elementor-type=\"wp-page\" data-elementor-id=\"2822\" class=\"elementor elementor-2822 elementor-2817\" data-elementor-post-type=\"page\">\n\t\t\t\t<div class=\"elementor-element elementor-element-113ae2e e-flex e-con-boxed e-con e-parent\" data-id=\"113ae2e\" data-element_type=\"container\" data-e-type=\"container\">\n\t\t\t\t\t<div class=\"e-con-inner\">\n\t\t\t\t<div class=\"elementor-element elementor-element-53293c1d elementor-widget elementor-widget-text-editor\" data-id=\"53293c1d\" data-element_type=\"widget\" data-e-type=\"widget\" data-widget_type=\"text-editor.default\">\n\t\t\t\t<div class=\"elementor-widget-container\">\n\t\t\t\t\t\t\t\t\t<h2>&nbsp;<\/h2>\n<h2>&nbsp;<\/h2>\n<h3>Avtryck<\/h3>\n<p>Florian Ganahl<br>Ullbergstr\u00e4sk 108<br>Sverige Ullbergstr\u00e4sk<\/p>\n<h3>Kontakta oss<\/h3>\n<p>Telefon: +46705666883<br>E-post: &#x6f;&#102;&#102;i&#x63;&#x65;&#64;l&#x61;&#x70;&#112;l&#x61;&#x6e;&#100;-&#x74;&#x6f;&#117;r&#x2e;&#x63;&#111;m<\/p>\n<h3>Redaktionellt ansvarig<\/h3>\n<p>Florian Ganahl<br>Lapland Tour<br>Ullbergstr\u00e4sk 108<br>Sverige<\/p>\n<h3>L\u00f6sning av konsumenttvister\/universellt skiljedomscenter<\/h3>\n<p>Vi \u00e4r inte villiga eller skyldiga att delta i tvistl\u00f6sningsf\u00f6rfaranden inf\u00f6r en skiljen\u00e4mnd f\u00f6r konsumenter.<\/p>\t\t\t\t\t\t\t\t<\/div>\n\t\t\t\t<\/div>\n\t\t\t\t\t<\/div>\n\t\t\t\t<\/div>\n\t\t\t\t<\/div>\n\t\t","protected":false},"excerpt":{"rendered":"<p>&nbsp; &nbsp; Avtryck Florian GanahlUllbergstr\u00e4sk 108Sverige Ullbergstr\u00e4sk Kontakta oss Telefon: +46705666883E-post: o&#102;&#102;&#x69;&#x63;e&#64;&#108;&#x61;&#x70;&#x70;l&#97;&#110;&#x64;&#x2d;to&#117;&#x72;&#x2e;&#x63;o&#109; Redaktionellt ansvarig Florian GanahlLapland TourUllbergstr\u00e4sk 108Sverige L\u00f6sning av konsumenttvister\/universellt skiljedomscenter Vi \u00e4r inte villiga eller skyldiga att delta i tvistl\u00f6sningsf\u00f6rfaranden inf\u00f6r en skiljen\u00e4mnd f\u00f6r konsumenter.<\/p>\n","protected":false},"author":1,"featured_media":0,"parent":0,"menu_order":0,"comment_status":"closed","ping_status":"closed","template":"","meta":{"footnotes":""},"class_list":["post-2822","page","type-page","status-publish","hentry"],"_links":{"self":[{"href":"https:\/\/lappland-tour.com\/sv\/wp-json\/wp\/v2\/pages\/2822","targetHints":{"allow":["GET"]}}],"collection":[{"href":"https:\/\/lappland-tour.com\/sv\/wp-json\/wp\/v2\/pages"}],"about":[{"href":"https:\/\/lappland-tour.com\/sv\/wp-json\/wp\/v2\/types\/page"}],"author":[{"embeddable":true,"href":"https:\/\/lappland-tour.com\/sv\/wp-json\/wp\/v2\/users\/1"}],"replies":[{"embeddable":true,"href":"https:\/\/lappland-tour.com\/sv\/wp-json\/wp\/v2\/comments?post=2822"}],"version-history":[{"count":1,"href":"https:\/\/lappland-tour.com\/sv\/wp-json\/wp\/v2\/pages\/2822\/revisions"}],"predecessor-version":[{"id":2823,"href":"https:\/\/lappland-tour.com\/sv\/wp-json\/wp\/v2\/pages\/2822\/revisions\/2823"}],"wp:attachment":[{"href":"https:\/\/lappland-tour.com\/sv\/wp-json\/wp\/v2\/media?parent=2822"}],"curies":[{"name":"wp","href":"https:\/\/api.w.org\/{rel}","templated":true}]}}