{"id":2833,"date":"2025-08-04T21:44:24","date_gmt":"2025-08-04T19:44:24","guid":{"rendered":"https:\/\/lapland-tours.on-studio.ch\/gtc\/"},"modified":"2025-08-04T21:54:56","modified_gmt":"2025-08-04T19:54:56","slug":"gtc","status":"publish","type":"page","link":"https:\/\/lappland-tour.com\/sv\/gtc\/","title":{"rendered":"GTC"},"content":{"rendered":"\t\t<div data-elementor-type=\"wp-page\" data-elementor-id=\"2833\" class=\"elementor elementor-2833 elementor-2824\" data-elementor-post-type=\"page\">\n\t\t\t\t<div class=\"elementor-element elementor-element-113ae2e e-flex e-con-boxed e-con e-parent\" data-id=\"113ae2e\" data-element_type=\"container\" data-e-type=\"container\">\n\t\t\t\t\t<div class=\"e-con-inner\">\n\t\t\t\t<div class=\"elementor-element elementor-element-53293c1d elementor-widget elementor-widget-text-editor\" data-id=\"53293c1d\" data-element_type=\"widget\" data-e-type=\"widget\" data-widget_type=\"text-editor.default\">\n\t\t\t\t<div class=\"elementor-widget-container\">\n\t\t\t\t\t\t\t\t\t<p> <\/p><p> <\/p><p> <\/p><p> <\/p><h2>GTC<\/h2><p> <\/p><ol><li><strong>Giltighet f\u00f6r v\u00e5ra allm\u00e4nna villkor<\/strong><\/li><\/ol><p style=\"padding-left: 40px;\">Webbplatsen www.lappland-tour.com drivs av Lappland-Tour. Dessa allm\u00e4nna villkor (GTC) g\u00e4ller f\u00f6r alla produkter och tj\u00e4nster som du bokar med v\u00e5rt f\u00f6retag. Vi erk\u00e4nner inte n\u00e5gra villkor fr\u00e5n kunden som strider mot eller avviker fr\u00e5n dessa allm\u00e4nna villkor, s\u00e5vida vi inte uttryckligen har godk\u00e4nt deras giltighet skriftligen. Handlingar f\u00f6r att fullg\u00f6ra avtalet ska inte anses utg\u00f6ra samtycke till avtalsvillkor som avviker fr\u00e5n dessa allm\u00e4nna villkor.   <\/p><ol start=\"2\"><li><strong>Utbud av tj\u00e4nster<\/strong><\/li><\/ol><p style=\"padding-left: 40px;\">Vi erbjuder produkter och tj\u00e4nster p\u00e5 v\u00e5r webbplats www.lappland-tour.com. Om du har bokat ett tidsbest\u00e4mt erbjudande hos oss \u00e4r bokningskupongen, som inte kan \u00f6verl\u00e5tas, endast giltig f\u00f6r det bokade m\u00f6tet. <\/p><ol start=\"3\"><li><strong>Beskrivning av tj\u00e4nsten, erbjudande och ing\u00e5ende av avtal<\/strong><\/li><\/ol><p style=\"padding-left: 40px;\"><br>Lappland-Tours tj\u00e4nster best\u00e5r av f\u00f6rs\u00e4ljning och organisering av olika rese- och evenemangstj\u00e4nster.<\/p><p style=\"padding-left: 40px;\">Presentationen av v\u00e5ra produkter och tj\u00e4nster utg\u00f6r inte ett bindande erbjudande om att ing\u00e5 ett avtal med dig. Avtalet om k\u00f6p av en produkt eller tj\u00e4nst ing\u00e5s n\u00e4r du bokar en eller flera produkter eller tj\u00e4nster via e-post och f\u00e5r en bokningsbekr\u00e4ftelse eller faktura = bokningsbekr\u00e4ftelse fr\u00e5n oss. <\/p><p style=\"padding-left: 40px;\">Efter full betalning har du r\u00e4tt att anv\u00e4nda den k\u00f6pta produkten eller tj\u00e4nsten p\u00e5 det angivna datumet.<\/p><p style=\"padding-left: 40px;\">P\u00e5 v\u00e5r hemsida hittar du kontaktuppgifter samt det viktigaste inneh\u00e5llet, t.ex. information om vissa krav, minsta antal deltagare etc.<\/p><ol start=\"4\"><li><strong>Utnyttjande av produkter och tj\u00e4nster<\/strong><\/li><\/ol><p style=\"padding-left: 40px;\">Lapland-Tour ger innehavaren av en bokning r\u00e4tt att nyttja den aktuella produkten eller tj\u00e4nsten enligt g\u00e4llande villkor.<\/p><p style=\"padding-left: 40px;\">Om inte annat uttryckligen \u00f6verenskommits ing\u00e5r inte resor och\/eller eventuella logi- och cateringtj\u00e4nster. Kostnaderna f\u00f6r dessa ska b\u00e4ras av dig. <\/p><ol start=\"5\"><li><strong>Priser<\/strong><\/li><\/ol><p style=\"padding-left: 40px;\">De priser som anges p\u00e5 v\u00e5r webbplats \u00e4r exempelpriser och \u00e4r inte bindande.<\/p><ol start=\"6\"><li><strong>Avbest\u00e4llningspolicy och \u00e5ngerr\u00e4tt f\u00f6r konsumenter<\/strong><\/li><\/ol><p style=\"padding-left: 40px;\"> <\/p><p style=\"padding-left: 40px;\">AVBOKNINGSREGLER<\/p><p style=\"padding-left: 40px;\">R\u00e4tt till avbest\u00e4llning<\/p><p style=\"padding-left: 40px;\">S\u00e5vida inte n\u00e5got undantag g\u00e4ller, finns det ingen \u00e5ngerr\u00e4tt.<\/p><p> <\/p><ol start=\"7\"><li><strong>Avbokning<\/strong><\/li><\/ol><p> <\/p><ol><li>a) Resetj\u00e4nster exklusive flygresor:<\/li><\/ol><p> <\/p><p style=\"padding-left: 40px;\">Vid avbokning p\u00e5 bokningsdagen \u00e5terbetalas 70% av beloppet.<\/p><p style=\"padding-left: 40px;\">Vid avbokning fr\u00e5n 2:a till 7:e dagen efter bokningstillf\u00e4llet \u00e5terbetalas 50% av beloppet.<\/p><p style=\"padding-left: 40px;\">Vid avbokning fr\u00e5n och med den 8:e dagen m\u00e5ste hela beloppet betalas.<\/p><ol><li>b) Flygning:<\/li><\/ol><p style=\"padding-left: 40px;\"> <\/p><p style=\"padding-left: 40px;\">I h\u00e4ndelse av inst\u00e4llda flyg betalar Lappland-Tour inte f\u00f6r eller organiserar ers\u00e4ttningsflyg.<\/p><ol start=\"8\"><li><strong>\u00d6verf\u00f6rbarhet av bokade produkter eller tj\u00e4nster<\/strong><\/li><\/ol><p> <\/p><p style=\"padding-left: 40px;\">Lapland-Tour tillhandah\u00e5ller inte \u00f6verl\u00e5telse av produkter eller tj\u00e4nster.<\/p><ol start=\"9\"><li><strong>Beskrivningar av produkter och tj\u00e4nster p\u00e5 v\u00e5r webbplats<\/strong><\/li><\/ol><p> <\/p><p style=\"padding-left: 40px;\">Det finns olika erbjudanden p\u00e5 v\u00e5r webbplats. Vi str\u00e4var alltid efter att beskriva de produkter och tj\u00e4nster vi presenterar p\u00e5 ett korrekt och s\u00e5 exakt s\u00e4tt som m\u00f6jligt. Observera dock att inneh\u00e5ll och processer kan f\u00f6r\u00e4ndras. Vi str\u00e4var d\u00e4rf\u00f6r efter att kontinuerligt uppdatera de produkter och tj\u00e4nster som erbjuds p\u00e5 v\u00e5r webbplats.   <\/p><p style=\"padding-left: 40px;\">Observera ocks\u00e5 att beskrivningarna p\u00e5 v\u00e5r webbplats och de fotografier som anv\u00e4nds \u00e4r exempel och tj\u00e4nar som en allm\u00e4n beskrivning. Foton och videor av enskilda situationer, platser, m\u00e4nniskor etc. \u00e4r inte bindande och kan skilja sig fr\u00e5n den faktiska realiseringen. V\u00e4rdet minskas inte av detta utan f\u00f6rblir detsamma.  <\/p><p style=\"padding-left: 40px;\">Information om erbjudandets varaktighet \u00e4r inte bindande, endast v\u00e4gledande och baseras - d\u00e4r s\u00e5 \u00e4r m\u00f6jligt - p\u00e5 tidigare erfarenheter.<\/p><p style=\"padding-left: 40px;\">Produkterna och tj\u00e4nsterna kan ske i grupp och\/eller tillsammans med andra deltagare. Vi kan d\u00e4rf\u00f6r inte utesluta v\u00e4ntetider f\u00f6r utnyttjande. <\/p><ol start=\"10\"><li><strong>Krav f\u00f6r att f\u00e5 delta i en upplevelse<\/strong><\/li><\/ol><p> <\/p><p style=\"padding-left: 40px;\">F\u00f6r vissa produkter och tj\u00e4nster kr\u00e4ver Lapland-Tour en l\u00e4gsta niv\u00e5 av personlig l\u00e4mplighet (t.ex. l\u00e4ngd, \u00e5lder, h\u00e4lsotillst\u00e5nd, tidigare kunskaper).<\/p><p style=\"padding-left: 40px;\">Vissa produkter och tj\u00e4nster \u00e4ger rum i naturen och \u00e4r utsatta f\u00f6r v\u00e4drets makter.<\/p><p style=\"padding-left: 40px;\">Om den bokade aktiviteten inte kan genomf\u00f6ras p\u00e5 grund av v\u00e4derf\u00f6rh\u00e5llanden kan du boka om datumet f\u00f6r aktiviteten. Observera att Lappland-Tour inte \u00e4r ansvarigt f\u00f6r n\u00e5gra utgifter eller skador som du \u00e5drar dig i samband med f\u00f6rs\u00f6k eller f\u00f6rnyad anv\u00e4ndning av aktiviteten (t.ex. resekostnader, boende, ledsagare, semester etc.) i h\u00e4ndelse av uppskjutningar som vi inte ansvarar f\u00f6r. <\/p><p> <\/p><ol start=\"11\"><li><strong>Betalning<\/strong><\/li><\/ol><p> <\/p><p style=\"padding-left: 40px;\">Om inte annat uttryckligen avtalats skriftligen ska hela fakturabeloppet \u00f6verf\u00f6ras till angivet konto i enlighet med betalningsvillkoren.<\/p><p style=\"padding-left: 40px;\">G\u00e4stskatten m\u00e5ste betalas kontant vid ankomst.<\/p><ol start=\"12\"><li><strong>Fysiska begr\u00e4nsningar<\/strong><\/li><\/ol><p> <\/p><p style=\"padding-left: 40px;\">Vi ser g\u00e4rna att personer med fysiska eller psykiska funktionsneds\u00e4ttningar deltar i v\u00e5ra program. Vi vill dock p\u00e5peka att det kan vara sv\u00e5rt eller om\u00f6jligt f\u00f6r personer med funktionsneds\u00e4ttning att delta. Kontakta oss d\u00e4rf\u00f6r innan du bokar f\u00f6r att klarg\u00f6ra kraven och, om det beh\u00f6vs, f\u00f6r att hitta en individuell l\u00f6sning.  <\/p><ol start=\"13\"><li><strong>Mindre f\u00f6r\u00e4ndringar i tj\u00e4nsten<\/strong><\/li><\/ol><p> <\/p><p style=\"padding-left: 40px;\">Avvikelser fr\u00e5n tj\u00e4nstebeskrivningen f\u00f6r enskilda erbjudanden efter avtalets ing\u00e5ende g\u00f6rs endast om det \u00e4r n\u00f6dv\u00e4ndigt och ger inte kunden r\u00e4tt att s\u00e4ga upp avtalet, f\u00f6rutsatt att de inte \u00e4r betydande och inte v\u00e4sentligt p\u00e5verkar det \u00f6vergripande inneh\u00e5llet eller effekten av bokningen. Vi kommer att g\u00f6ra allt f\u00f6r att informera dig om eventuella \u00e4ndringar s\u00e5 snart vi blir medvetna om dem. <\/p><ol start=\"14\"><li><strong>Avbokning av aktiviteter<\/strong><\/li><\/ol><p> <\/p><p style=\"padding-left: 40px;\">F\u00f6r vissa aktiviteter anges t.ex. vissa personer eller fordon och teknisk utrustning. F\u00f6r det fall namngivna personer eller utrustning etc. inte \u00e4r tillg\u00e4ngliga p\u00e5 dagen f\u00f6r aktiviteten f\u00f6rbeh\u00e5ller vi oss r\u00e4tten att om m\u00f6jligt tillhandah\u00e5lla en likv\u00e4rdig ers\u00e4ttare eller, om detta inte \u00e4r m\u00f6jligt, att med kort varsel st\u00e4lla in eller skjuta upp aktiviteten. I s\u00e5dana fall f\u00f6rblir bokningen giltig.  <\/p><p style=\"padding-left: 40px;\">Om vi m\u00e5ste tillhandah\u00e5lla en likv\u00e4rdig ers\u00e4ttning eller st\u00e4lla in en aktivitet av de sk\u00e4l som n\u00e4mns, \u00e4r ytterligare skadest\u00e5ndskrav s\u00e5som kostnader f\u00f6r resa, boende etc. uteslutna.<\/p><ol start=\"15\"><li><strong>Garanti<\/strong><\/li><\/ol><p> <\/p><p style=\"padding-left: 40px;\">Om du ing\u00e5r ett avtal med Lappland-Tour som konsument g\u00e4ller de lagstadgade best\u00e4mmelserna f\u00f6r eventuella garantianspr\u00e5k.<\/p><p style=\"padding-left: 40px;\"> <\/p><ol start=\"16\"><li><strong>Ansvar f\u00f6r Lapland-Tour<\/strong><\/li><\/ol><p> <\/p><p style=\"padding-left: 40px;\">I den m\u00e5n detta inte strider mot tvingande lag \u00e4r Lapland-Tour, dess anst\u00e4llda och\/eller st\u00e4llf\u00f6retr\u00e4dare endast skyldiga att ers\u00e4tta skada som uppkommit i samband med detta avtal i den m\u00e5n skadan orsakats upps\u00e5tligen.<\/p><p style=\"padding-left: 40px;\">Inget ansvar accepteras f\u00f6r olyckor eller skador p\u00e5 Lapland Tours egendom eller under aktiviteterna.<\/p><p style=\"padding-left: 40px;\">I den utstr\u00e4ckning det \u00e4r till\u00e5tet enligt lag \u00e4r v\u00e5rt ansvar f\u00f6r f\u00f6ljdskador, utebliven vinst och ekonomiska f\u00f6rluster uteslutet.<\/p><ol start=\"17\"><li><strong>Undantag f\u00f6r kommersiell eller industriell \u00e5terf\u00f6rs\u00e4ljning<\/strong><\/li><\/ol><p> <\/p><p style=\"padding-left: 40px;\">Kommersiell eller industriell \u00e5terf\u00f6rs\u00e4ljning av v\u00e5ra produkter eller tj\u00e4nster \u00e4r f\u00f6rbjuden om inte annat skriftligen \u00f6verenskommits med Lappland-Tour.<\/p><p style=\"padding-left: 40px;\">I h\u00e4ndelse av bristande efterlevnad f\u00f6rbeh\u00e5ller vi oss r\u00e4tten att f\u00f6rklara de \u00e5terf\u00f6rs\u00e4ljda produkterna eller tj\u00e4nsterna ogiltiga och att \u00e5tala brottet.<\/p><ol start=\"18\"><li><strong>Upps\u00e4gning av avtalet fr\u00e5n Lappland-Tours sida<\/strong><\/li><\/ol><p> <\/p><p style=\"padding-left: 40px;\">Vi har r\u00e4tt att n\u00e4r som helst, \u00e4ven utan sk\u00e4l, fr\u00e5ntr\u00e4da avtalet till dess att full betalning erlagts.<\/p><ol start=\"19\"><li><strong>Formul\u00e4r f\u00f6r deklarationer<\/strong><\/li><\/ol><p> <\/p><p style=\"padding-left: 40px;\">Alla r\u00e4ttsligt bindande f\u00f6rklaringar som grundar sig p\u00e5 detta avtal ska g\u00f6ras skriftligen (via e-post) till den skriftligen angivna sista (e-post)adressen till den andra avtalsparten. Om en f\u00f6rklaring skickas till den sista (e-post)adress som anges skriftligen, ska den anses ha mottagits av respektive avtalspart. <\/p><ol start=\"20\"><li><strong>Best\u00e4mmelse om dataskydd<\/strong><\/li><\/ol><p> <\/p><p style=\"padding-left: 40px;\">Vi \u00e5tar oss att f\u00f6lja dataskyddsbest\u00e4mmelser och alla andra lagstadgade sekretessf\u00f6rpliktelser. Vi behandlar dina personuppgifter i enlighet med g\u00e4llande dataskyddsbest\u00e4mmelser f\u00f6r \u00e4ndam\u00e5l f\u00f6re avtalets ing\u00e5ende och f\u00f6r att fullg\u00f6ra avtalet. <\/p><p style=\"padding-left: 40px;\">Om du k\u00f6per en produkt eller tj\u00e4nst f\u00f6r en annan persons r\u00e4kning g\u00f6r du en bindande f\u00f6rs\u00e4kran om att du \u00e4r beh\u00f6rig att l\u00e4mna ut den personens personuppgifter. I dessa fall behandlar vi mottagarens personuppgifter f\u00f6r att tillhandah\u00e5lla och leverera v\u00e5ra tj\u00e4nster. <\/p><p> <\/p><ol start=\"21\"><li><strong>\u00c4ndring av dessa allm\u00e4nna villkor<\/strong><\/li><\/ol><p> <\/p><p style=\"padding-left: 40px;\">Vi f\u00f6rbeh\u00e5ller oss r\u00e4tten att \u00e4ndra dessa allm\u00e4nna villkor. Vi kommer att meddela dig om eventuella \u00e4ndringar av v\u00e4sentliga best\u00e4mmelser i dessa allm\u00e4nna villkor efter att avtalet har ing\u00e5tts genom att skicka de \u00e4ndrade villkoren till den e-postadress som du har angett f\u00f6r oss. Du har r\u00e4tt att inv\u00e4nda mot \u00e4ndringen inom en vecka. Inv\u00e4ndningen ska skickas via e-post till v\u00e5r aktuella e-postadress med angivande av fakturanummer. Om ni inte inv\u00e4nder inom denna tid ska de \u00e4ndrade villkoren anses ha godk\u00e4nts.    <\/p><p style=\"padding-left: 40px;\">I \u00f6vrigt g\u00e4ller de villkor som finns tillg\u00e4ngliga p\u00e5 v\u00e5r Lapland-Tour-webbplats i sin nuvarande version.<\/p><ol start=\"22\"><li><strong>Nyttjander\u00e4tt och upphovsr\u00e4tt<\/strong><\/li><\/ol><p> <\/p><p style=\"padding-left: 40px;\">Lappland-Tour \u00e4r den enda innehavaren av r\u00e4tten till reproduktion, distribution, bearbetning och alla upphovsr\u00e4tter (om inte annat anges) samt r\u00e4tten till immateriell \u00f6verf\u00f6ring och reproduktion av databasen och det enskilda inneh\u00e5llet i den.<\/p><ol start=\"23\"><li><strong>Ansvarsfriskrivning f\u00f6r inneh\u00e5ll p\u00e5 externa webbplatser<\/strong><\/li><\/ol><p> <\/p><p style=\"padding-left: 40px;\">P\u00e5 v\u00e5r webbplats h\u00e4nvisar vi \u00e4ven till andra, externa sidor p\u00e5 Internet (&#8221;l\u00e4nkar&#8221;). Vi har dock inget inflytande p\u00e5 inneh\u00e5llet och utformningen av dessa sidor. Lappland-Tour g\u00f6r sig d\u00e4rf\u00f6r inte inneh\u00e5llet p\u00e5 de l\u00e4nkade sidorna till sitt eget.  <\/p><ol start=\"24\"><li><strong>Alternativ tvistl\u00f6sning<\/strong><\/li><\/ol><p> <\/p><p style=\"padding-left: 40px;\">Att v\u00e5ra kunder \u00e4r n\u00f6jda \u00e4r v\u00e5r h\u00f6gsta prioritet. V\u00e5ra \u00e5tg\u00e4rder \u00e4r d\u00e4rf\u00f6r inriktade p\u00e5 att tillfredsst\u00e4lla dig som v\u00e5r kund. Vi str\u00e4var alltid efter att hitta en kundorienterad l\u00f6sning tillsammans med dig i h\u00e4ndelse av ett klagom\u00e5l och deltar d\u00e4rf\u00f6r inte i det alternativa tvistl\u00f6sningsf\u00f6rfarandet.  <\/p><ol start=\"25\"><li><strong>Uppfyllelseort, avtalsspr\u00e5k, lagval och jurisdiktion<\/strong><\/li><\/ol><p> <\/p><p style=\"padding-left: 40px;\">I den utstr\u00e4ckning som till\u00e5ts enligt lag \u00e4r platsen f\u00f6r fullg\u00f6rande och betalning Lappland-Tours s\u00e4te.<\/p><p style=\"padding-left: 40px;\">Avtalsspr\u00e5ket \u00e4r svenska.<\/p><p style=\"padding-left: 40px;\">De avtalsslutande parterna \u00e4r \u00f6verens om att underkasta sig svensk allm\u00e4n domstol. Om det inte \u00e4r fr\u00e5ga om en konsumenttransaktion ska den domstol som har saklig beh\u00f6righet p\u00e5 bolagets s\u00e4te ha exklusiv beh\u00f6righet att avg\u00f6ra alla tvister som uppst\u00e5r i samband med detta avtal. <\/p><p style=\"padding-left: 40px;\">Detta lagval g\u00e4ller endast f\u00f6r en konsument i den utstr\u00e4ckning som det inte begr\u00e4nsar n\u00e5gra tvingande lagbest\u00e4mmelser i det land d\u00e4r konsumenten har sin hemvist eller vanliga vistelseort.<\/p><p>Status juni 2025<\/p>\t\t\t\t\t\t\t\t<\/div>\n\t\t\t\t<\/div>\n\t\t\t\t\t<\/div>\n\t\t\t\t<\/div>\n\t\t\t\t<\/div>\n\t\t","protected":false},"excerpt":{"rendered":"<p>GTC Giltighet f\u00f6r v\u00e5ra allm\u00e4nna villkor Webbplatsen www.lappland-tour.com drivs av Lappland-Tour. Dessa allm\u00e4nna villkor (GTC) g\u00e4ller f\u00f6r alla produkter och tj\u00e4nster som du bokar med v\u00e5rt f\u00f6retag. Vi erk\u00e4nner inte n\u00e5gra villkor fr\u00e5n kunden som strider mot eller avviker fr\u00e5n dessa allm\u00e4nna villkor, s\u00e5vida vi inte uttryckligen har godk\u00e4nt deras giltighet skriftligen. Handlingar f\u00f6r att [&hellip;]<\/p>\n","protected":false},"author":1,"featured_media":0,"parent":0,"menu_order":0,"comment_status":"closed","ping_status":"closed","template":"","meta":{"footnotes":""},"class_list":["post-2833","page","type-page","status-publish","hentry"],"_links":{"self":[{"href":"https:\/\/lappland-tour.com\/sv\/wp-json\/wp\/v2\/pages\/2833","targetHints":{"allow":["GET"]}}],"collection":[{"href":"https:\/\/lappland-tour.com\/sv\/wp-json\/wp\/v2\/pages"}],"about":[{"href":"https:\/\/lappland-tour.com\/sv\/wp-json\/wp\/v2\/types\/page"}],"author":[{"embeddable":true,"href":"https:\/\/lappland-tour.com\/sv\/wp-json\/wp\/v2\/users\/1"}],"replies":[{"embeddable":true,"href":"https:\/\/lappland-tour.com\/sv\/wp-json\/wp\/v2\/comments?post=2833"}],"version-history":[{"count":1,"href":"https:\/\/lappland-tour.com\/sv\/wp-json\/wp\/v2\/pages\/2833\/revisions"}],"predecessor-version":[{"id":2834,"href":"https:\/\/lappland-tour.com\/sv\/wp-json\/wp\/v2\/pages\/2833\/revisions\/2834"}],"wp:attachment":[{"href":"https:\/\/lappland-tour.com\/sv\/wp-json\/wp\/v2\/media?parent=2833"}],"curies":[{"name":"wp","href":"https:\/\/api.w.org\/{rel}","templated":true}]}}